{"id":646,"date":"2015-01-15T00:48:05","date_gmt":"2015-01-15T06:48:05","guid":{"rendered":"http:\/\/iacip-gto.org\/wn\/?page_id=646"},"modified":"2021-12-01T14:51:41","modified_gmt":"2021-12-01T20:51:41","slug":"accesibilidad","status":"publish","type":"page","link":"https:\/\/iacip-gto.org.mx\/wn\/accesibilidad\/","title":{"rendered":"Accesibilidad"},"content":{"rendered":"<h1 class=\"MsoNormal\" style=\"text-align: justify;\">Accesibilidad<\/h1>\n<p class=\"MsoNormal\" style=\"text-align: justify;\"><b>Un sitio Web accesible es aquel que puede ser utilizado correctamente por el mayor n\u00famero posible de usuarios, incluyendo a personas con capacidades diferentes e independientemente de los medios t\u00e9cnicos.<\/b><\/p>\n<p class=\"MsoNormal\" style=\"text-align: justify;\">El Instituto de Acceso a la Informaci\u00f3n P\u00fablica para el Estado de Guanajuato, comprometido con toda aquella persona que hace uso de la informaci\u00f3n y los servicios que se prestan a trav\u00e9s de su Portal Web ha comenzado los trabajos necesarios para desarrollar un Sitio Web m\u00e1s accesible.<\/p>\n<p class=\"MsoNormal\" style=\"text-align: justify;\" align=\"justify\">Sin embargo, debido a la cantidad de informaci\u00f3n contenida en el portal del IACIP, es dif\u00edcil evaluar todas las secciones que pueden consultarse. Debido a lo anterior, se le pide a usted estimado usuario que si encuentra complicaciones de navegaci\u00f3n o accesibilidad en alg\u00fan apartado espec\u00edfico nos lo haga saber a trav\u00e9s de los siguientes correos electr\u00f3nico: <a class=\"clase1\" href=\"mailto:contacto@iacip-gto.org.mx\">contacto@iacip-gto.org.mx, gramirezv@iacip-gto.org.mx<\/a><\/p>\n<p class=\"MsoNormal\">Se sugiere al usuario conocer un poco m\u00e1s del tema si este es de su inter\u00e9s en las siguientes p\u00e1ginas:<\/p>\n<p class=\"MsoNormal\"><a class=\"clase2\" href=\"http:\/\/www.w3c.es\/Traducciones\/es\/WAI\/intro\/accessibility\">http:\/\/www.w3c.es\/Traducciones\/es\/WAI\/intro\/accessibility<\/a>,<\/p>\n<p class=\"MsoNormal\"><a class=\"clase2\" href=\"http:\/\/w3c.es\/Divulgacion\/GuiasBreves\/Accesibilidad\">http:\/\/w3c.es\/Divulgacion\/GuiasBreves\/Accesibilidad<\/a>,<\/p>\n<p class=\"MsoNormal\">Donde se expone claramente el panorama actual en materia de accesibilidad en la Web.<\/p>\n<h2>Herramientas para facilitar el Acceso<\/h2>\n<p class=\"MsoNormal\" align=\"justify\">La mayor\u00eda de los sistemas operativos actuales incluyen alg\u00fan tipo de software que facilite la interacci\u00f3n a usuarios con capacidades diferentes, en el caso de Microsoft Windows en sus diferentes versiones se incluye un magnificador y un lector de pantalla. En cuanto a sistemas Linux se cuenta con el software Orca incluido o f\u00e1cilmente instalable en la mayor\u00eda de las distribuciones de este sistema operativo.<\/p>\n<p class=\"MsoNormal\" align=\"justify\">Si el usuario decide utilizar otro tipo de herramientas se le sugieren las siguientes por su buen desempe\u00f1o. En cuanto a lectores de pantalla se recomienda hacer uso de NVDA, software gratuito y de c\u00f3digo libre con un muy buen desempe\u00f1o.<\/p>\n<p class=\"MsoNormal\">Descargar NVDA: <a class=\"clase2\" href=\"http:\/\/www.nvaccess.org\/download\/\">http:\/\/www.nvaccess.org\/download\/<\/a><\/p>\n<p class=\"MsoNormal\" align=\"justify\">Tambi\u00e9n se recomienda hacer uso de software magnificador de pantalla que permite ajustar el nivel de<br \/>\nacercamiento como apoyo a las personas con alguna debilidad visual. Se recomienda Magnifixer, el cual se puede descargar gratuitamente desde la p\u00e1gina de su desarrollador.<\/p>\n<p class=\"MsoNormal\">Descargar Magnifixer: <a class=\"clase2\" href=\"http:\/\/www.blacksunsoftware.com\/screenmagnifier.html\">http:\/\/www.blacksunsoftware.com\/screenmagnifier.html<\/a><\/p>\n","protected":false},"excerpt":{"rendered":"<p>Accesibilidad Un sitio Web accesible es aquel que puede ser utilizado correctamente por el mayor n\u00famero posible de usuarios, incluyendo a personas con capacidades diferentes e independientemente de los medios t\u00e9cnicos. El Instituto de Acceso a la Informaci\u00f3n P\u00fablica para &#8230;<\/p>\n","protected":false},"author":2,"featured_media":0,"parent":0,"menu_order":0,"comment_status":"closed","ping_status":"closed","template":"","meta":{"ngg_post_thumbnail":0,"footnotes":""},"class_list":["post-646","page","type-page","status-publish","hentry"],"_links":{"self":[{"href":"https:\/\/iacip-gto.org.mx\/wn\/wp-json\/wp\/v2\/pages\/646","targetHints":{"allow":["GET"]}}],"collection":[{"href":"https:\/\/iacip-gto.org.mx\/wn\/wp-json\/wp\/v2\/pages"}],"about":[{"href":"https:\/\/iacip-gto.org.mx\/wn\/wp-json\/wp\/v2\/types\/page"}],"author":[{"embeddable":true,"href":"https:\/\/iacip-gto.org.mx\/wn\/wp-json\/wp\/v2\/users\/2"}],"replies":[{"embeddable":true,"href":"https:\/\/iacip-gto.org.mx\/wn\/wp-json\/wp\/v2\/comments?post=646"}],"version-history":[{"count":1,"href":"https:\/\/iacip-gto.org.mx\/wn\/wp-json\/wp\/v2\/pages\/646\/revisions"}],"predecessor-version":[{"id":17572,"href":"https:\/\/iacip-gto.org.mx\/wn\/wp-json\/wp\/v2\/pages\/646\/revisions\/17572"}],"wp:attachment":[{"href":"https:\/\/iacip-gto.org.mx\/wn\/wp-json\/wp\/v2\/media?parent=646"}],"curies":[{"name":"wp","href":"https:\/\/api.w.org\/{rel}","templated":true}]}}