{"id":17967,"date":"2022-04-19T11:34:26","date_gmt":"2022-04-19T16:34:26","guid":{"rendered":"https:\/\/iacip-gto.org.mx\/wn\/?page_id=17967"},"modified":"2023-06-26T14:41:00","modified_gmt":"2023-06-26T20:41:00","slug":"obligaciones-de-transparencia-v-2-0","status":"publish","type":"page","link":"https:\/\/iacip-gto.org.mx\/wn\/obligaciones-de-transparencia-v-2-0\/","title":{"rendered":"Obligaciones de Transparencia v.2.0"},"content":{"rendered":"<div id=\"pl-17967\"  class=\"panel-layout\" ><div id=\"pg-17967-0\"  class=\"panel-grid panel-no-style\" ><div id=\"pgc-17967-0-0\"  class=\"panel-grid-cell\" ><div id=\"panel-17967-0-0-0\" class=\"so-panel widget widget_text panel-first-child panel-last-child\" data-index=\"0\" ><h3 class=\"widget-title\">Obligaciones de Transparencia<\/h3>\t\t\t<div class=\"textwidget\"><p align=\"justify\">En el marco de la Ley de Transparencia y Acceso a la Informaci\u00f3n P\u00fablica para el Estado de Guanajuato, publicada en el Peri\u00f3dico Oficial del Gobierno del Estado de Guanajuato el 13 de mayo del a\u00f1o 2016, es responsabilidad de los sujetos obligados hacer transparente su gesti\u00f3n, mediante la publicidad de la informaci\u00f3n p\u00fablica establecida en los t\u00e9rminos de las cincuenta fracciones del art\u00edculo 26 de esta Ley. Se entiende por informaci\u00f3n p\u00fablica todo documento p\u00fablico, que se recopile, procesen o posean los sujetos obligados en esta Ley.<\/p>\n<p align=\"justify\">En este contexto, el Instituto de Acceso a la Informaci\u00f3n P\u00fablica pone a la consulta del p\u00fablico en general la informaci\u00f3n de las Obligaciones de Transparencia que le aplican, con las disposiciones establecidas en la materia.<\/p>\n<hr\/>\n<\/div>\n\t\t<\/div><\/div><\/div><div id=\"pg-17967-1\"  class=\"panel-grid panel-no-style\" ><div id=\"pgc-17967-1-0\"  class=\"panel-grid-cell\" ><div id=\"panel-17967-1-0-0\" class=\"so-panel widget widget_text panel-first-child panel-last-child\" data-index=\"1\" ><h3 class=\"widget-title\">Accesos de Inter\u00e9s<\/h3>\t\t\t<div class=\"textwidget\"><\/div>\n\t\t<\/div><\/div><\/div><div id=\"pg-17967-2\"  class=\"panel-grid panel-no-style\" ><div id=\"pgc-17967-2-0\"  class=\"panel-grid-cell\" ><div id=\"panel-17967-2-0-0\" class=\"so-panel widget widget_sow-button panel-first-child panel-last-child\" data-index=\"2\" ><div\n\t\t\t\n\t\t\tclass=\"so-widget-sow-button so-widget-sow-button-atom-4c4fd89be447-17967\"\n\t\t\t\n\t\t><div class=\"ow-button-base ow-button-align-center\"\n>\n\t\t\t<a\n\t\t\t\t\thref=\"https:\/\/iacip-gto.org.mx\/wn\/leyes-v2\/\"\n\t\t\t\t\tclass=\"sowb-button ow-icon-placement-left ow-button-hover\" target=\"_blank\" rel=\"noopener noreferrer\" \t>\n\t\t<span>\n\t\t\t\n\t\t\tBuscador Normativo\t\t<\/span>\n\t\t\t<\/a>\n\t<\/div>\n<\/div><\/div><\/div><div id=\"pgc-17967-2-1\"  class=\"panel-grid-cell\" ><div id=\"panel-17967-2-1-0\" class=\"so-panel widget widget_sow-button panel-first-child panel-last-child\" data-index=\"3\" ><div\n\t\t\t\n\t\t\tclass=\"so-widget-sow-button so-widget-sow-button-atom-4c4fd89be447-17967\"\n\t\t\t\n\t\t><div class=\"ow-button-base ow-button-align-center\"\n>\n\t\t\t<a\n\t\t\t\t\thref=\"https:\/\/iacip-gto.org.mx\/wn\/organigrama-general\/\"\n\t\t\t\t\tclass=\"sowb-button ow-icon-placement-left ow-button-hover\" target=\"_blank\" rel=\"noopener noreferrer\" \t>\n\t\t<span>\n\t\t\t\n\t\t\tOrganigrama IACIP\t\t<\/span>\n\t\t\t<\/a>\n\t<\/div>\n<\/div><\/div><\/div><div id=\"pgc-17967-2-2\"  class=\"panel-grid-cell\" ><div id=\"panel-17967-2-2-0\" class=\"so-panel widget widget_sow-button panel-first-child panel-last-child\" data-index=\"4\" ><div\n\t\t\t\n\t\t\tclass=\"so-widget-sow-button so-widget-sow-button-atom-4c4fd89be447-17967\"\n\t\t\t\n\t\t><div class=\"ow-button-base ow-button-align-center\"\n>\n\t\t\t<a\n\t\t\t\t\thref=\"https:\/\/iacip-gto.org.mx\/wn\/directorio-iacip\/\"\n\t\t\t\t\tclass=\"sowb-button ow-icon-placement-left ow-button-hover\" target=\"_blank\" rel=\"noopener noreferrer\" \t>\n\t\t<span>\n\t\t\t\n\t\t\tDirectorio IACIP\t\t<\/span>\n\t\t\t<\/a>\n\t<\/div>\n<\/div><\/div><\/div><div id=\"pgc-17967-2-3\"  class=\"panel-grid-cell\" ><div id=\"panel-17967-2-3-0\" class=\"so-panel widget widget_sow-button panel-first-child panel-last-child\" data-index=\"5\" ><div\n\t\t\t\n\t\t\tclass=\"so-widget-sow-button so-widget-sow-button-atom-4c4fd89be447-17967\"\n\t\t\t\n\t\t><div class=\"ow-button-base ow-button-align-center\"\n>\n\t\t\t<a\n\t\t\t\t\thref=\"https:\/\/iacip-gto.org.mx\/wn\/informes-actas-y-minutas-de-sesiones-publicas-de-cuerpos-colegiados\/\"\n\t\t\t\t\tclass=\"sowb-button ow-icon-placement-left ow-button-hover\" target=\"_blank\" rel=\"noopener noreferrer\" \t>\n\t\t<span>\n\t\t\t\n\t\t\tInformes y Actas\t\t<\/span>\n\t\t\t<\/a>\n\t<\/div>\n<\/div><\/div><\/div><div id=\"pgc-17967-2-4\"  class=\"panel-grid-cell\" ><div id=\"panel-17967-2-4-0\" class=\"so-panel widget widget_sow-button panel-first-child panel-last-child\" data-index=\"6\" ><div\n\t\t\t\n\t\t\tclass=\"so-widget-sow-button so-widget-sow-button-atom-4c4fd89be447-17967\"\n\t\t\t\n\t\t><div class=\"ow-button-base ow-button-align-center\"\n>\n\t\t\t<a\n\t\t\t\t\thref=\"https:\/\/iacip-gto.org.mx\/wn\/category\/transparencia-presupuestal\/\"\n\t\t\t\t\tclass=\"sowb-button ow-icon-placement-left ow-button-hover\" target=\"_blank\" rel=\"noopener noreferrer\" \t>\n\t\t<span>\n\t\t\t\n\t\t\tTransparencia Presupuestal\t\t<\/span>\n\t\t\t<\/a>\n\t<\/div>\n<\/div><\/div><\/div><div id=\"pgc-17967-2-5\"  class=\"panel-grid-cell\" ><div id=\"panel-17967-2-5-0\" class=\"so-panel widget widget_sow-button panel-first-child panel-last-child\" data-index=\"7\" ><div\n\t\t\t\n\t\t\tclass=\"so-widget-sow-button so-widget-sow-button-atom-4c4fd89be447-17967\"\n\t\t\t\n\t\t><div class=\"ow-button-base ow-button-align-center\"\n>\n\t\t\t<a\n\t\t\t\t\thref=\"https:\/\/iacip-gto.org.mx\/wn\/indicadores-de-gestion-metas-y-objetivos-de-los-programas\/\"\n\t\t\t\t\tclass=\"sowb-button ow-icon-placement-left ow-button-hover\" target=\"_blank\" rel=\"noopener noreferrer\" \t>\n\t\t<span>\n\t\t\t\n\t\t\tIndicadores de Gesti\u00f3n\t\t<\/span>\n\t\t\t<\/a>\n\t<\/div>\n<\/div><\/div><\/div><\/div><div id=\"pg-17967-3\"  class=\"panel-grid panel-no-style\" ><div id=\"pgc-17967-3-0\"  class=\"panel-grid-cell\" ><div id=\"panel-17967-3-0-0\" class=\"so-panel widget widget_text panel-first-child\" data-index=\"8\" ><h3 class=\"widget-title\">Consulta P\u00fablica de Obligaciones de Transparencia<\/h3>\t\t\t<div class=\"textwidget\"><\/div>\n\t\t<\/div><div id=\"panel-17967-3-0-1\" class=\"so-panel widget widget_sow-button panel-last-child\" data-index=\"9\" ><div\n\t\t\t\n\t\t\tclass=\"so-widget-sow-button so-widget-sow-button-atom-4c4fd89be447-17967\"\n\t\t\t\n\t\t><div class=\"ow-button-base ow-button-align-center\"\n>\n\t\t\t<a\n\t\t\t\t\thref=\"https:\/\/consultapublicamx.plataformadetransparencia.org.mx\/vut-web\/faces\/view\/consultaPublica.xhtml?idEntidad=MTE=&#038;idSujetoObligado=MTk5OA==#inicio\"\n\t\t\t\t\tclass=\"sowb-button ow-icon-placement-left ow-button-hover\" target=\"_blank\" rel=\"noopener noreferrer\" \t>\n\t\t<span>\n\t\t\t\n\t\t\tCONSULTA AQU\u00cd LAS OBLIGACIONES DE TRANSPARENCIA DEL IACIP\t\t<\/span>\n\t\t\t<\/a>\n\t<\/div>\n<\/div><\/div><\/div><\/div><\/div>","protected":false},"excerpt":{"rendered":"<p>En el marco de la Ley de Transparencia y Acceso a la Informaci\u00f3n P\u00fablica para el Estado de Guanajuato, publicada en el Peri\u00f3dico Oficial del Gobierno del Estado de Guanajuato el 13 de mayo del a\u00f1o 2016, es responsabilidad de &#8230;<\/p>\n","protected":false},"author":2,"featured_media":0,"parent":0,"menu_order":0,"comment_status":"closed","ping_status":"closed","template":"","meta":{"ngg_post_thumbnail":0,"footnotes":""},"class_list":["post-17967","page","type-page","status-publish","hentry"],"_links":{"self":[{"href":"https:\/\/iacip-gto.org.mx\/wn\/wp-json\/wp\/v2\/pages\/17967","targetHints":{"allow":["GET"]}}],"collection":[{"href":"https:\/\/iacip-gto.org.mx\/wn\/wp-json\/wp\/v2\/pages"}],"about":[{"href":"https:\/\/iacip-gto.org.mx\/wn\/wp-json\/wp\/v2\/types\/page"}],"author":[{"embeddable":true,"href":"https:\/\/iacip-gto.org.mx\/wn\/wp-json\/wp\/v2\/users\/2"}],"replies":[{"embeddable":true,"href":"https:\/\/iacip-gto.org.mx\/wn\/wp-json\/wp\/v2\/comments?post=17967"}],"version-history":[{"count":2,"href":"https:\/\/iacip-gto.org.mx\/wn\/wp-json\/wp\/v2\/pages\/17967\/revisions"}],"predecessor-version":[{"id":18735,"href":"https:\/\/iacip-gto.org.mx\/wn\/wp-json\/wp\/v2\/pages\/17967\/revisions\/18735"}],"wp:attachment":[{"href":"https:\/\/iacip-gto.org.mx\/wn\/wp-json\/wp\/v2\/media?parent=17967"}],"curies":[{"name":"wp","href":"https:\/\/api.w.org\/{rel}","templated":true}]}}