{"id":16222,"date":"2020-12-07T20:20:23","date_gmt":"2020-12-08T02:20:23","guid":{"rendered":"https:\/\/iacip-gto.org.mx\/wn\/?page_id=16222"},"modified":"2023-12-21T11:59:03","modified_gmt":"2023-12-21T17:59:03","slug":"leyes-v2","status":"publish","type":"page","link":"https:\/\/iacip-gto.org.mx\/wn\/leyes-v2\/","title":{"rendered":"Leyes, reglamentos, decretos administrativos, circulares y normas aplicables v2"},"content":{"rendered":"<div id=\"pl-16222\"  class=\"panel-layout\" ><div id=\"pg-16222-0\"  class=\"panel-grid panel-no-style\" ><div id=\"pgc-16222-0-0\"  class=\"panel-grid-cell\" ><div id=\"panel-16222-0-0-0\" class=\"so-panel widget widget_text panel-first-child\" data-index=\"0\" ><div class=\"panel-widget-style panel-widget-style-for-16222-0-0-0\" >\t\t\t<div class=\"textwidget\"><h2 style=\"color: #ffffff;\">I.- Leyes, reglamentos, decretos administrativos, circulares y normas aplicables.<\/h2>\n<\/div>\n\t\t<\/div><\/div><div id=\"panel-16222-0-0-1\" class=\"widget_text so-panel widget widget_custom_html\" data-index=\"1\" ><div class=\"widget_text panel-widget-style panel-widget-style-for-16222-0-0-1\" ><div class=\"textwidget custom-html-widget\"><div style=\"text-align: justify;\"><b>El marco normativo<\/b> aplicable al sujeto obligado, en el que deber\u00e1 incluirse leyes, c\u00f3digos, reglamentos, decretos de creaci\u00f3n, manuales administrativos, reglas de operaci\u00f3n, criterios, pol\u00edticas, entre otros.\n&nbsp;\n\t<h2>2023<\/h2>\n<a href=\"https:\/\/www.iacip-gto.org.mx\/IPO\/formatos\/2022\/1\/MANUAL DE INDUCCI\u00d3N 2022.docx\" target=\"_blank\" rel=\"noopener noreferrer\"><img decoding=\"async\" class=\"imag\" src=\"http:\/\/www.iacip-gto.org.mx\/ws\/images\/doc_file.gif\" alt=\"\" border=\"0\"><\/a>Manual de Inducci\u00f3n 2022<br\/>\n<a href=\"https:\/\/www.iacip-gto.org.mx\/IPO\/formatos\/2023\/1\/normativa_IACIP.xlsx\" target=\"_blank\" rel=\"noopener noreferrer\"><img decoding=\"async\" class=\"imag\" src=\"http:\/\/www.iacip-gto.org.mx\/ws\/images\/xls_file.gif\" alt=\"\" border=\"0\"><\/a> Normatividad\n\n<!--- Solicitado por Irma Rios \t\n\t<h2>2021<\/h2>\n<a href=\"https:\/\/www.iacip-gto.org.mx\/IPO\/formatos\/2021\/1\/LTAIPG26F1_I_4to.xlsx\" target=\"_blank\" rel=\"noopener noreferrer\"><img decoding=\"async\" class=\"imag\" src=\"http:\/\/www.iacip-gto.org.mx\/ws\/images\/xls_file.gif\" alt=\"\" border=\"0\"><\/a> Normatividad vigente 2021\n--->\n<\/div><\/div><\/div><div id=\"panel-16222-0-0-2\" class=\"widget_text so-panel widget widget_custom_html panel-last-child\" data-index=\"2\" ><div class=\"textwidget custom-html-widget\"><iframe loading=\"lazy\" src=\"https:\/\/iacip-gto.org.mx\/normatividad\/\" width=\"100%\" height=\"800px\" frameborder=\"0\">Browser not compatible.<\/iframe><\/div><\/div><\/div><\/div><\/div>","protected":false},"excerpt":{"rendered":"<p>I.- Leyes, reglamentos, decretos administrativos, circulares y normas aplicables.<\/p>\n","protected":false},"author":2,"featured_media":0,"parent":0,"menu_order":0,"comment_status":"closed","ping_status":"closed","template":"","meta":{"ngg_post_thumbnail":0,"footnotes":""},"class_list":["post-16222","page","type-page","status-publish","hentry"],"_links":{"self":[{"href":"https:\/\/iacip-gto.org.mx\/wn\/wp-json\/wp\/v2\/pages\/16222","targetHints":{"allow":["GET"]}}],"collection":[{"href":"https:\/\/iacip-gto.org.mx\/wn\/wp-json\/wp\/v2\/pages"}],"about":[{"href":"https:\/\/iacip-gto.org.mx\/wn\/wp-json\/wp\/v2\/types\/page"}],"author":[{"embeddable":true,"href":"https:\/\/iacip-gto.org.mx\/wn\/wp-json\/wp\/v2\/users\/2"}],"replies":[{"embeddable":true,"href":"https:\/\/iacip-gto.org.mx\/wn\/wp-json\/wp\/v2\/comments?post=16222"}],"version-history":[{"count":2,"href":"https:\/\/iacip-gto.org.mx\/wn\/wp-json\/wp\/v2\/pages\/16222\/revisions"}],"predecessor-version":[{"id":18978,"href":"https:\/\/iacip-gto.org.mx\/wn\/wp-json\/wp\/v2\/pages\/16222\/revisions\/18978"}],"wp:attachment":[{"href":"https:\/\/iacip-gto.org.mx\/wn\/wp-json\/wp\/v2\/media?parent=16222"}],"curies":[{"name":"wp","href":"https:\/\/api.w.org\/{rel}","templated":true}]}}