{"id":13682,"date":"2019-08-27T10:45:42","date_gmt":"2019-08-27T15:45:42","guid":{"rendered":"https:\/\/iacip-gto.org.mx\/wn\/?page_id=13682"},"modified":"2024-05-02T12:24:38","modified_gmt":"2024-05-02T18:24:38","slug":"pleno-del-instituto","status":"publish","type":"page","link":"https:\/\/iacip-gto.org.mx\/wn\/pleno-del-instituto\/","title":{"rendered":"Pleno del Instituto"},"content":{"rendered":"<div id=\"pl-13682\"  class=\"panel-layout\" ><div id=\"pg-13682-0\"  class=\"panel-grid panel-no-style\" ><div id=\"pgc-13682-0-0\"  class=\"panel-grid-cell\" ><div id=\"panel-13682-0-0-0\" class=\"widget_text so-panel widget widget_custom_html panel-first-child panel-last-child\" data-index=\"0\" ><h3 class=\"widget-title\">Pleno del Instituto<\/h3><div class=\"textwidget custom-html-widget\"><div style=\"background-color:white;padding:10px 25px 0px 15px\">\n \n<p style=\"text-align:justify\">\n\t<h4>El Pleno del Instituto es el m\u00e1ximo \u00f3rgano de gobierno y de decisi\u00f3n del \u00d3rgano Garante y est\u00e1 formado por 3 Comisionado(a)s, uno de los cuales funge como Presidente(a).<\/h4>\n<br\/>\t\n<br\/>\n<h4>El Pleno adopta sus decisiones administrativas y jurisdiccionales de forma colegiada y mediante sesiones p\u00fablicas.<\/h4><\/p>\n<br\/>\n\t<h4>Actualmente se integra por:<\/h4>\n<table border=\"0\" width=\"90%\" cellspacing=\"0\" cellpadding=\"0\">\n<tbody>\n<tr>\n<td valign=\"top\" width=\"220\">&nbsp;\n<p align=\"center\"><img decoding=\"async\" src=\"https:\/\/iacip-gto.org.mx\/wn\/wp-content\/uploads\/2015\/01\/comisionado_alejandro.jpg\" alt=\"\" border=\"0\"><\/p>\n<\/td>\n<td valign=\"top\" width=\"220\">&nbsp;\n<p align=\"center\"><img decoding=\"async\" src=\"http:\/\/iacip-gto.org.mx\/wn\/wp-content\/uploads\/2015\/01\/comisionada-presidente.jpg\" alt=\"\" border=\"0\"><\/p>\n<\/td>\n<td valign=\"top\" width=\"110\">&nbsp;\n<p align=\"center\"><img decoding=\"async\" src=\"https:\/\/iacip-gto.org.mx\/wn\/wp-content\/uploads\/2015\/01\/comisionado.png\" alt=\"\" width=\"160\" border=\"0\"><\/p>\n<\/td>\n<td width=\"220\">&nbsp;\n<p align=\"center\"><!--<img decoding=\"async\" class=\"alignnone size-full wp-image-4927\" src=\"http:\/\/iacip-gto.org.mx\/wn\/wp-content\/uploads\/2015\/01\/vacante.jpg\" alt=\"\" width=\"150px\" ><\/p>-->\n<\/td>\n<\/tr>\n<tr>\n<td>\n<p align=\"center\"><strong>COMISIONADO\n<\/strong><\/p>\n<\/td>\n<td>\n<p align=\"center\"><strong>COMISIONADA PRESIDENTA\n<\/strong><\/p>\n<\/td>\n<td>\n<p align=\"center\"><strong>COMISIONADO<\/strong><\/p>\n<\/td>\n<!-- <td><p align=\"center\"><strong>COMISIONADO(A) VACANTE<\/strong><\/p><\/td> -->\n<\/tr>\n<tr>\n<td>\n<p align=\"center\">Mtro. Francisco Antonio Alejandro Rocha Pedraza <br\/><a href=\"https:\/\/www.iacip-gto.org.mx\/ws\/files\/articles\/31\/CV.MTRO.ALEJANDROROCHAPEDRAZA.pdf\" target=\"_blank\" rel=\"noopener noreferrer\"><img loading=\"lazy\" decoding=\"async\" class=\"imag alignnone\" src=\"http:\/\/www.iacip-gto.org.mx\/ws\/images\/pdf_file.gif\" alt=\"\" width=\"29\" height=\"19\" border=\"0\"><\/a><\/p>\n<\/td>\n<td>\n<p align=\"center\">Mtra. Mariela del Carmen Huerta Guerrero<br\/><a href=\"https:\/\/www.iacip-gto.org.mx\/ws\/files\/articles\/31\/Curriculum_Mariela_Huerta_Guerrero_Version_Publica.pdf\" target=\"_blank\" rel=\"noopener noreferrer\"><img decoding=\"async\" class=\"imag\" src=\"http:\/\/www.iacip-gto.org.mx\/ws\/images\/pdf_file.gif\" alt=\"\" border=\"0\"><\/a><\/p>\n<\/td>\n<td>\n<p align=\"center\">Lic. Juan S\u00e1mano G\u00f3mez <br\/><a href=\"https:\/\/www.iacip-gto.org.mx\/ws\/files\/articles\/31\/CURRICULUMVITAEJUANSAMANOGOMEZ.pdf\" target=\"_blank\" rel=\"noopener noreferrer\"><img loading=\"lazy\" decoding=\"async\" class=\"imag alignnone\" src=\"http:\/\/www.iacip-gto.org.mx\/ws\/images\/pdf_file.gif\" alt=\"\" width=\"29\" height=\"19\" border=\"0\"><\/a><\/p>\n<\/td>\n<td>&nbsp;<\/td>\n<\/tr>\n<\/tbody>\n<\/table>\n<\/div>\n\n\n<\/div><\/div><\/div><\/div><\/div>","protected":false},"excerpt":{"rendered":"<p>Pleno del Instituto El Pleno del Instituto es el m\u00e1ximo \u00f3rgano de gobierno y de decisi\u00f3n del \u00d3rgano Garante y est\u00e1 formado por 3 Comisionado(a)s, uno de los cuales funge como Presidente(a). El Pleno adopta sus decisiones administrativas y jurisdiccionales &#8230;<\/p>\n","protected":false},"author":2,"featured_media":0,"parent":0,"menu_order":0,"comment_status":"open","ping_status":"open","template":"","meta":{"ngg_post_thumbnail":0,"footnotes":""},"class_list":["post-13682","page","type-page","status-publish","hentry"],"_links":{"self":[{"href":"https:\/\/iacip-gto.org.mx\/wn\/wp-json\/wp\/v2\/pages\/13682","targetHints":{"allow":["GET"]}}],"collection":[{"href":"https:\/\/iacip-gto.org.mx\/wn\/wp-json\/wp\/v2\/pages"}],"about":[{"href":"https:\/\/iacip-gto.org.mx\/wn\/wp-json\/wp\/v2\/types\/page"}],"author":[{"embeddable":true,"href":"https:\/\/iacip-gto.org.mx\/wn\/wp-json\/wp\/v2\/users\/2"}],"replies":[{"embeddable":true,"href":"https:\/\/iacip-gto.org.mx\/wn\/wp-json\/wp\/v2\/comments?post=13682"}],"version-history":[{"count":1,"href":"https:\/\/iacip-gto.org.mx\/wn\/wp-json\/wp\/v2\/pages\/13682\/revisions"}],"predecessor-version":[{"id":19187,"href":"https:\/\/iacip-gto.org.mx\/wn\/wp-json\/wp\/v2\/pages\/13682\/revisions\/19187"}],"wp:attachment":[{"href":"https:\/\/iacip-gto.org.mx\/wn\/wp-json\/wp\/v2\/media?parent=13682"}],"curies":[{"name":"wp","href":"https:\/\/api.w.org\/{rel}","templated":true}]}}